{"id":619,"date":"2025-02-20T12:36:25","date_gmt":"2025-02-20T12:36:25","guid":{"rendered":"https:\/\/ncacademy.geekworkers.dev\/?page_id=619"},"modified":"2025-04-10T13:08:03","modified_gmt":"2025-04-10T13:08:03","slug":"kontakt","status":"publish","type":"page","link":"https:\/\/ncacademy.ch\/de\/contact\/","title":{"rendered":"Kontakt"},"content":{"rendered":"\t\t<div data-elementor-type=\"wp-page\" data-elementor-id=\"619\" class=\"elementor elementor-619\" data-elementor-post-type=\"page\">\n\t\t\t\t<div class=\"elementor-element elementor-element-97d7f31 e-flex e-con-boxed e-con e-parent\" data-id=\"97d7f31\" data-element_type=\"container\" data-e-type=\"container\" data-settings=\"{&quot;background_background&quot;:&quot;classic&quot;,&quot;jet_parallax_layout_list&quot;:[]}\">\n\t\t\t\t\t<div class=\"e-con-inner\">\n\t\t<div class=\"elementor-element elementor-element-14e50bc e-con-full e-flex e-con e-child\" data-id=\"14e50bc\" data-element_type=\"container\" data-e-type=\"container\" data-settings=\"{&quot;jet_parallax_layout_list&quot;:[]}\">\n\t\t\t\t<div class=\"elementor-element elementor-element-23aa0d4 elementor-widget elementor-widget-heading\" data-id=\"23aa0d4\" data-element_type=\"widget\" data-e-type=\"widget\" data-widget_type=\"heading.default\">\n\t\t\t\t<div class=\"elementor-widget-container\">\n\t\t\t\t\t<h1 class=\"elementor-heading-title elementor-size-default\">Une question ?<br>Besoin d\u2019un conseil ?<\/h1>\t\t\t\t<\/div>\n\t\t\t\t<\/div>\n\t\t\t\t<div class=\"elementor-element elementor-element-8697756 elementor-widget elementor-widget-text-editor\" data-id=\"8697756\" data-element_type=\"widget\" data-e-type=\"widget\" data-widget_type=\"text-editor.default\">\n\t\t\t\t<div class=\"elementor-widget-container\">\n\t\t\t\t\t\t\t\t\t<p>Que vous soyez int\u00e9ress\u00e9(e) par nos formations continues, que vous ayez une question sur la formation \u00e0 distance ou sur l\u2019inscription \u00e0 l\u2019un de nos cours, contactez-nous en nous laissant vos coordonn\u00e9es.<\/p>\t\t\t\t\t\t\t\t<\/div>\n\t\t\t\t<\/div>\n\t\t<div class=\"elementor-element elementor-element-28477f1 e-con-full e-flex e-con e-child\" data-id=\"28477f1\" data-element_type=\"container\" data-e-type=\"container\" data-settings=\"{&quot;jet_parallax_layout_list&quot;:[]}\">\n\t\t\t\t<div class=\"elementor-element elementor-element-5dd089e elementor-align-left elementor-mobile-align-justify elementor-widget elementor-widget-button\" data-id=\"5dd089e\" data-element_type=\"widget\" data-e-type=\"widget\" data-widget_type=\"button.default\">\n\t\t\t\t<div class=\"elementor-widget-container\">\n\t\t\t\t\t\t\t\t\t<div class=\"elementor-button-wrapper\">\n\t\t\t\t\t<a class=\"elementor-button elementor-button-link elementor-size-sm\" href=\"#nous-contacter\">\n\t\t\t\t\t\t<span class=\"elementor-button-content-wrapper\">\n\t\t\t\t\t\t\t\t\t<span class=\"elementor-button-text\">Nous contacter<\/span>\n\t\t\t\t\t<\/span>\n\t\t\t\t\t<\/a>\n\t\t\t\t<\/div>\n\t\t\t\t\t\t\t\t<\/div>\n\t\t\t\t<\/div>\n\t\t\t\t<\/div>\n\t\t<div class=\"elementor-element elementor-element-747bd86 e-con-full e-flex e-con e-child\" data-id=\"747bd86\" data-element_type=\"container\" data-e-type=\"container\" data-settings=\"{&quot;jet_parallax_layout_list&quot;:[]}\">\n\t\t\t\t<div class=\"elementor-element elementor-element-ac4381b elementor-widget elementor-widget-heading\" data-id=\"ac4381b\" data-element_type=\"widget\" data-e-type=\"widget\" data-widget_type=\"heading.default\">\n\t\t\t\t<div class=\"elementor-widget-container\">\n\t\t\t\t\t<div class=\"elementor-heading-title elementor-size-default\">Besoin d\u2019une r\u00e9ponse rapide ?<\/div>\t\t\t\t<\/div>\n\t\t\t\t<\/div>\n\t\t\t\t<div class=\"elementor-element elementor-element-2da9cb7 elementor-widget elementor-widget-heading\" data-id=\"2da9cb7\" data-element_type=\"widget\" data-e-type=\"widget\" data-widget_type=\"heading.default\">\n\t\t\t\t<div class=\"elementor-widget-container\">\n\t\t\t\t\t<div class=\"elementor-heading-title elementor-size-default\"><a href=\"tel:+41265263323\">Appelez-nous au +41 26 526 33 23<\/a><\/div>\t\t\t\t<\/div>\n\t\t\t\t<\/div>\n\t\t\t\t<\/div>\n\t\t\t\t<\/div>\n\t\t<div data-dce-background-image-url=\"https:\/\/ncacademy.ch\/wp-content\/uploads\/2025\/02\/hero-bg-circle.svg\" class=\"elementor-element elementor-element-91be7f0 e-con-full e-flex e-con e-child\" data-id=\"91be7f0\" data-element_type=\"container\" data-e-type=\"container\" data-settings=\"{&quot;background_background&quot;:&quot;classic&quot;,&quot;jet_parallax_layout_list&quot;:[]}\">\n\t\t\t\t<div data-dce-advanced-background-color=\"#C1FFAD\" class=\"elementor-element elementor-element-38d25dc elementor-widget elementor-widget-image\" data-id=\"38d25dc\" data-element_type=\"widget\" data-e-type=\"widget\" data-widget_type=\"image.default\">\n\t\t\t\t<div class=\"elementor-widget-container\">\n\t\t\t\t\t\t\t\t\t\t\t\t\t\t\t<img fetchpriority=\"high\" decoding=\"async\" width=\"1880\" height=\"1255\" src=\"https:\/\/ncacademy.ch\/wp-content\/uploads\/2025\/02\/hero-contact.jpeg\" class=\"attachment-full size-full wp-image-625\" alt=\"\" srcset=\"https:\/\/ncacademy.ch\/wp-content\/uploads\/2025\/02\/hero-contact.jpeg 1880w, https:\/\/ncacademy.ch\/wp-content\/uploads\/2025\/02\/hero-contact-300x200.jpeg 300w, https:\/\/ncacademy.ch\/wp-content\/uploads\/2025\/02\/hero-contact-1024x684.jpeg 1024w, https:\/\/ncacademy.ch\/wp-content\/uploads\/2025\/02\/hero-contact-768x513.jpeg 768w, https:\/\/ncacademy.ch\/wp-content\/uploads\/2025\/02\/hero-contact-1536x1025.jpeg 1536w\" sizes=\"(max-width: 1880px) 100vw, 1880px\" \/>\t\t\t\t\t\t\t\t\t\t\t\t\t\t\t<\/div>\n\t\t\t\t<\/div>\n\t\t\t\t<\/div>\n\t\t\t\t\t<\/div>\n\t\t\t\t<\/div>\n\t\t<div data-dce-background-color=\"#00A1C80A\" class=\"elementor-element elementor-element-91917f6 e-flex e-con-boxed e-con e-parent\" data-id=\"91917f6\" data-element_type=\"container\" data-e-type=\"container\" id=\"nous-contacter\" data-settings=\"{&quot;background_background&quot;:&quot;gradient&quot;,&quot;jet_parallax_layout_list&quot;:[]}\">\n\t\t\t\t\t<div class=\"e-con-inner\">\n\t\t\t\t<div class=\"elementor-element elementor-element-420bde7 elementor-widget elementor-widget-heading\" data-id=\"420bde7\" data-element_type=\"widget\" data-e-type=\"widget\" data-widget_type=\"heading.default\">\n\t\t\t\t<div class=\"elementor-widget-container\">\n\t\t\t\t\t<h2 class=\"elementor-heading-title elementor-size-default\">Avez-vous une question sur nos formations ? <\/h2>\t\t\t\t<\/div>\n\t\t\t\t<\/div>\n\t\t\t\t<div class=\"elementor-element elementor-element-e16437e elementor-widget elementor-widget-heading\" data-id=\"e16437e\" data-element_type=\"widget\" data-e-type=\"widget\" data-widget_type=\"heading.default\">\n\t\t\t\t<div class=\"elementor-widget-container\">\n\t\t\t\t\t<div class=\"elementor-heading-title elementor-size-default\">Remplissez ce formulaire, nous vous r\u00e9pondrons sous 24h.<\/div>\t\t\t\t<\/div>\n\t\t\t\t<\/div>\n\t\t\t\t<div class=\"elementor-element elementor-element-2fa12d1 elementor-mobile-button-align-stretch elementor-button-align-stretch elementor-widget elementor-widget-form\" data-id=\"2fa12d1\" data-element_type=\"widget\" data-e-type=\"widget\" data-settings=\"{&quot;step_next_label&quot;:&quot;Suivant&quot;,&quot;step_previous_label&quot;:&quot;Pr\\u00e9c\\u00e9dent&quot;,&quot;button_width&quot;:&quot;100&quot;,&quot;step_type&quot;:&quot;number_text&quot;,&quot;step_icon_shape&quot;:&quot;circle&quot;}\" data-widget_type=\"form.default\">\n\t\t\t\t<div class=\"elementor-widget-container\">\n\t\t\t\t\t\t\t<form class=\"elementor-form\" method=\"post\" name=\"Formulaire Contact\" aria-label=\"Formulaire Contact\" novalidate=\"\">\n\t\t\t<input type=\"hidden\" name=\"post_id\" value=\"619\"\/>\n\t\t\t<input type=\"hidden\" name=\"form_id\" value=\"2fa12d1\"\/>\n\t\t\t<input type=\"hidden\" name=\"referer_title\" value=\"Contactez NC Academy \u2013 Formations certifiantes en Suisse\" \/>\n\n\t\t\t\t\t\t\t<input type=\"hidden\" name=\"queried_id\" value=\"619\"\/>\n\t\t\t\n\t\t\t<div class=\"elementor-form-fields-wrapper elementor-labels-above\">\n\t\t\t\t\t\t\t\t<div class=\"elementor-field-type-text elementor-field-group elementor-column elementor-field-group-name elementor-col-100\">\n\t\t\t\t\t\t\t\t\t\t\t\t<label for=\"form-field-name\" class=\"elementor-field-label\">\n\t\t\t\t\t\t\t\tNom\t\t\t\t\t\t\t<\/label>\n\t\t\t\t\t\t\t\t\t\t\t\t\t\t<input size=\"1\" type=\"text\" name=\"form_fields[name]\" id=\"form-field-name\" class=\"elementor-field elementor-size-md  elementor-field-textual\" placeholder=\"Nom\">\n\t\t\t\t\t\t\t\t\t\t\t<\/div>\n\t\t\t\t\t\t\t\t<div class=\"elementor-field-type-email elementor-field-group elementor-column elementor-field-group-email elementor-col-100 elementor-field-required\">\n\t\t\t\t\t\t\t\t\t\t\t\t<label for=\"form-field-email\" class=\"elementor-field-label\">\n\t\t\t\t\t\t\t\tE-mail\t\t\t\t\t\t\t<\/label>\n\t\t\t\t\t\t\t\t\t\t\t\t\t\t<input size=\"1\" type=\"email\" name=\"form_fields[email]\" id=\"form-field-email\" class=\"elementor-field elementor-size-md  elementor-field-textual\" placeholder=\"E-mail\" required=\"required\">\n\t\t\t\t\t\t\t\t\t\t\t<\/div>\n\t\t\t\t\t\t\t\t<div class=\"elementor-field-type-tel elementor-field-group elementor-column elementor-field-group-field_dae0969 elementor-col-100 elementor-field-required\">\n\t\t\t\t\t\t\t\t\t\t\t\t<label for=\"form-field-field_dae0969\" class=\"elementor-field-label\">\n\t\t\t\t\t\t\t\tT\u00e9lephone\t\t\t\t\t\t\t<\/label>\n\t\t\t\t\t\t\t\t<input size=\"1\" type=\"tel\" name=\"form_fields[field_dae0969]\" id=\"form-field-field_dae0969\" class=\"elementor-field elementor-size-md  elementor-field-textual\" placeholder=\"T\u00e9lephone\" required=\"required\" pattern=\"[0-9()#&amp;+*-=.]+\" title=\"Seuls les caract\u00e8res de num\u00e9ros de t\u00e9l\u00e9phone (#, -, *, etc.) sont accept\u00e9s.\">\n\n\t\t\t\t\t\t<\/div>\n\t\t\t\t\t\t\t\t<div class=\"elementor-field-type-select elementor-field-group elementor-column elementor-field-group-field_95bc967 elementor-col-100 elementor-field-required\">\n\t\t\t\t\t\t\t\t\t\t\t\t<label for=\"form-field-field_95bc967\" class=\"elementor-field-label\">\n\t\t\t\t\t\t\t\tObjet \t\t\t\t\t\t\t<\/label>\n\t\t\t\t\t\t\t\t<div class=\"elementor-field elementor-select-wrapper remove-before \">\n\t\t\t<div class=\"select-caret-down-wrapper\">\n\t\t\t\t<svg aria-hidden=\"true\" class=\"e-font-icon-svg e-eicon-caret-down\" viewBox=\"0 0 571.4 571.4\" xmlns=\"http:\/\/www.w3.org\/2000\/svg\"><path d=\"M571 393Q571 407 561 418L311 668Q300 679 286 679T261 668L11 418Q0 407 0 393T11 368 36 357H536Q550 357 561 368T571 393Z\"><\/path><\/svg>\t\t\t<\/div>\n\t\t\t<select name=\"form_fields[field_95bc967]\" id=\"form-field-field_95bc967\" class=\"elementor-field-textual elementor-size-md\" required=\"required\">\n\t\t\t\t\t\t\t\t\t<option value=\"\">Choisir un objet<\/option>\n\t\t\t\t\t\t\t\t\t<option value=\"Certificat d&#039;Assistant-e en gestion du personnel\">Certificat d&#039;Assistant-e en gestion du personnel<\/option>\n\t\t\t\t\t\t\t\t\t<option value=\"Brevet f\u00e9d\u00e9ral de Sp\u00e9cialiste en ressources humaines\">Brevet f\u00e9d\u00e9ral de Sp\u00e9cialiste en ressources humaines<\/option>\n\t\t\t\t\t\t\t\t\t<option value=\"Brevet f\u00e9d\u00e9ral de Sp\u00e9cialiste en conduite d&#039;\u00e9quipe\">Brevet f\u00e9d\u00e9ral de Sp\u00e9cialiste en conduite d&#039;\u00e9quipe<\/option>\n\t\t\t\t\t\t\t\t\t<option value=\"Brevet f\u00e9d\u00e9ral de Sp\u00e9cialiste en technico-gestionnaire\">Brevet f\u00e9d\u00e9ral de Sp\u00e9cialiste en technico-gestionnaire<\/option>\n\t\t\t\t\t\t\t\t\t<option value=\"Brevet de logisticien\">Brevet de logisticien<\/option>\n\t\t\t\t\t\t\t\t\t<option value=\"Maturit\u00e9 suisse\">Maturit\u00e9 suisse<\/option>\n\t\t\t\t\t\t\t\t\t<option value=\"Certificat d\u2019ordonnanceur de production\">Certificat d\u2019ordonnanceur de production<\/option>\n\t\t\t\t\t\t\t\t\t<option value=\"Certificat de planificateur de production\">Certificat de planificateur de production<\/option>\n\t\t\t\t\t\t\t<\/select>\n\t\t<\/div>\n\t\t\t\t\t\t<\/div>\n\t\t\t\t\t\t\t\t<div class=\"elementor-field-type-textarea elementor-field-group elementor-column elementor-field-group-message elementor-col-100\">\n\t\t\t\t\t\t\t\t\t\t\t\t<label for=\"form-field-message\" class=\"elementor-field-label\">\n\t\t\t\t\t\t\t\tMessage\t\t\t\t\t\t\t<\/label>\n\t\t\t\t\t\t<textarea class=\"elementor-field-textual elementor-field  elementor-size-md\" name=\"form_fields[message]\" id=\"form-field-message\" rows=\"4\" placeholder=\"Message\"><\/textarea>\t\t\t\t<\/div>\n\t\t\t\t\t\t\t\t<div class=\"elementor-field-group elementor-column elementor-field-type-submit elementor-col-100 e-form__buttons\">\n\t\t\t\t\t<button class=\"elementor-button elementor-size-sm\" type=\"submit\">\n\t\t\t\t\t\t<span class=\"elementor-button-content-wrapper\">\n\t\t\t\t\t\t\t\t\t\t\t\t\t\t\t\t\t\t\t\t\t\t<span class=\"elementor-button-text\">Envoyer<\/span>\n\t\t\t\t\t\t\t\t\t\t\t\t\t<\/span>\n\t\t\t\t\t<\/button>\n\t\t\t\t<\/div>\n\t\t\t<\/div>\n\t\t<\/form>\n\t\t\t\t\t\t<\/div>\n\t\t\t\t<\/div>\n\t\t\t\t\t<\/div>\n\t\t\t\t<\/div>\n\t\t\t\t<\/div>\n\t\t","protected":false},"excerpt":{"rendered":"<p>Une question ?Besoin d\u2019un conseil ? Que vous soyez int\u00e9ress\u00e9(e) par nos formations continues, que vous ayez une question sur la formation \u00e0 distance ou sur l\u2019inscription \u00e0 l\u2019un de nos cours, contactez-nous en nous laissant vos coordonn\u00e9es. Nous contacter Besoin d\u2019une r\u00e9ponse rapide ? Appelez-nous au +41 26 526 33 23 Avez-vous une question [&hellip;]<\/p>\n","protected":false},"author":1,"featured_media":0,"parent":0,"menu_order":0,"comment_status":"closed","ping_status":"closed","template":"","meta":{"footnotes":""},"class_list":["post-619","page","type-page","status-publish","hentry"],"_links":{"self":[{"href":"https:\/\/ncacademy.ch\/de\/wp-json\/wp\/v2\/pages\/619","targetHints":{"allow":["GET"]}}],"collection":[{"href":"https:\/\/ncacademy.ch\/de\/wp-json\/wp\/v2\/pages"}],"about":[{"href":"https:\/\/ncacademy.ch\/de\/wp-json\/wp\/v2\/types\/page"}],"author":[{"embeddable":true,"href":"https:\/\/ncacademy.ch\/de\/wp-json\/wp\/v2\/users\/1"}],"replies":[{"embeddable":true,"href":"https:\/\/ncacademy.ch\/de\/wp-json\/wp\/v2\/comments?post=619"}],"version-history":[{"count":40,"href":"https:\/\/ncacademy.ch\/de\/wp-json\/wp\/v2\/pages\/619\/revisions"}],"predecessor-version":[{"id":1285,"href":"https:\/\/ncacademy.ch\/de\/wp-json\/wp\/v2\/pages\/619\/revisions\/1285"}],"wp:attachment":[{"href":"https:\/\/ncacademy.ch\/de\/wp-json\/wp\/v2\/media?parent=619"}],"curies":[{"name":"wp","href":"https:\/\/api.w.org\/{rel}","templated":true}]}}