{"id":1106,"date":"2025-03-19T12:41:01","date_gmt":"2025-03-19T12:41:01","guid":{"rendered":"https:\/\/ncacademy.geekworkers.dev\/?page_id=1106"},"modified":"2025-09-12T10:51:55","modified_gmt":"2025-09-12T08:51:55","slug":"news","status":"publish","type":"page","link":"https:\/\/ncacademy.ch\/en\/actualite\/","title":{"rendered":"News"},"content":{"rendered":"\t\t<div data-elementor-type=\"wp-page\" data-elementor-id=\"1106\" class=\"elementor elementor-1106\" data-elementor-post-type=\"page\">\n\t\t\t\t<div data-dce-background-color=\"#00A1C81A\" class=\"elementor-element elementor-element-100746a e-flex e-con-boxed e-con e-parent\" data-id=\"100746a\" data-element_type=\"container\" data-e-type=\"container\" data-settings=\"{&quot;background_background&quot;:&quot;gradient&quot;,&quot;jet_parallax_layout_list&quot;:[]}\">\n\t\t\t\t\t<div class=\"e-con-inner\">\n\t\t\t\t<div class=\"elementor-element elementor-element-a586dd8 elementor-widget elementor-widget-heading\" data-id=\"a586dd8\" data-element_type=\"widget\" data-e-type=\"widget\" data-widget_type=\"heading.default\">\n\t\t\t\t<div class=\"elementor-widget-container\">\n\t\t\t\t\t<h1 class=\"elementor-heading-title elementor-size-default\">Actualit\u00e9 de notre centre de formation<\/h1>\t\t\t\t<\/div>\n\t\t\t\t<\/div>\n\t\t\t\t<div class=\"elementor-element elementor-element-d963f93 elementor-widget elementor-widget-heading\" data-id=\"d963f93\" data-element_type=\"widget\" data-e-type=\"widget\" data-widget_type=\"heading.default\">\n\t\t\t\t<div class=\"elementor-widget-container\">\n\t\t\t\t\t<div class=\"elementor-heading-title elementor-size-default\">Suivez l\u2019actualit\u00e9 de notre centre de formation, tenez-vous au courant de la sortie d\u2019une nouvelle formation.<\/div>\t\t\t\t<\/div>\n\t\t\t\t<\/div>\n\t\t\t\t\t<\/div>\n\t\t\t\t<\/div>\n\t\t<div class=\"elementor-element elementor-element-d1f9c0e e-flex e-con-boxed e-con e-parent\" data-id=\"d1f9c0e\" data-element_type=\"container\" data-e-type=\"container\" data-settings=\"{&quot;jet_parallax_layout_list&quot;:[]}\">\n\t\t\t\t\t<div class=\"e-con-inner\">\n\t\t\t\t<div class=\"elementor-element elementor-element-c4213f1 elementor-widget elementor-widget-jet-listing-grid\" data-id=\"c4213f1\" data-element_type=\"widget\" data-e-type=\"widget\" data-settings=\"{&quot;columns_tablet&quot;:&quot;2&quot;,&quot;columns_mobile&quot;:&quot;1&quot;,&quot;columns&quot;:&quot;auto&quot;,&quot;column_min_width&quot;:350}\" data-widget_type=\"jet-listing-grid.default\">\n\t\t\t\t<div class=\"elementor-widget-container\">\n\t\t\t\t\t<div class=\"jet-listing-grid jet-listing\"><div class=\"jet-listing-grid__items grid-col-desk-auto grid-col-tablet-2 grid-col-mobile-1 jet-listing-grid--1101 jet-equal-columns__wrapper grid-collapse-gap\" data-queried-id=\"1106|WP_Post\" data-nav=\"{&quot;enabled&quot;:false,&quot;type&quot;:null,&quot;more_el&quot;:null,&quot;query&quot;:[],&quot;widget_settings&quot;:{&quot;lisitng_id&quot;:1101,&quot;posts_num&quot;:6,&quot;columns&quot;:&quot;auto&quot;,&quot;columns_tablet&quot;:2,&quot;columns_mobile&quot;:1,&quot;column_min_width&quot;:350,&quot;column_min_width_tablet&quot;:240,&quot;column_min_width_mobile&quot;:240,&quot;inline_columns_css&quot;:false,&quot;is_archive_template&quot;:&quot;&quot;,&quot;post_status&quot;:[&quot;publish&quot;],&quot;use_random_posts_num&quot;:&quot;&quot;,&quot;max_posts_num&quot;:9,&quot;not_found_message&quot;:&quot;No data was found&quot;,&quot;is_masonry&quot;:false,&quot;equal_columns_height&quot;:&quot;yes&quot;,&quot;use_load_more&quot;:&quot;&quot;,&quot;load_more_id&quot;:&quot;&quot;,&quot;load_more_type&quot;:&quot;click&quot;,&quot;load_more_offset&quot;:null,&quot;use_custom_post_types&quot;:&quot;&quot;,&quot;custom_post_types&quot;:[],&quot;hide_widget_if&quot;:&quot;&quot;,&quot;carousel_enabled&quot;:&quot;&quot;,&quot;slides_to_scroll&quot;:&quot;1&quot;,&quot;arrows&quot;:&quot;true&quot;,&quot;arrow_icon&quot;:&quot;fa fa-angle-left&quot;,&quot;dots&quot;:&quot;&quot;,&quot;autoplay&quot;:&quot;true&quot;,&quot;pause_on_hover&quot;:&quot;true&quot;,&quot;autoplay_speed&quot;:5000,&quot;infinite&quot;:&quot;true&quot;,&quot;center_mode&quot;:&quot;&quot;,&quot;effect&quot;:&quot;slide&quot;,&quot;speed&quot;:500,&quot;inject_alternative_items&quot;:&quot;&quot;,&quot;injection_items&quot;:[],&quot;scroll_slider_enabled&quot;:&quot;&quot;,&quot;scroll_slider_on&quot;:[&quot;desktop&quot;,&quot;tablet&quot;,&quot;mobile&quot;],&quot;custom_query&quot;:false,&quot;custom_query_id&quot;:&quot;&quot;,&quot;_element_id&quot;:&quot;&quot;,&quot;collapse_first_last_gap&quot;:&quot;true&quot;,&quot;list_tag_selection&quot;:&quot;&quot;,&quot;list_items_wrapper_tag&quot;:&quot;div&quot;,&quot;list_item_tag&quot;:&quot;div&quot;,&quot;empty_items_wrapper_tag&quot;:&quot;div&quot;}}\" data-page=\"1\" data-pages=\"1\" data-listing-source=\"posts\" data-listing-id=\"1101\" data-query-id=\"\"><div class=\"jet-listing-grid__item jet-listing-dynamic-post-1690 jet-equal-columns\" data-post-id=\"1690\"  ><div class=\"jet-engine-listing-overlay-wrap\" data-url=\"https:\/\/ncacademy.ch\/en\/julie\/\">\t\t<div data-elementor-type=\"jet-listing-items\" data-elementor-id=\"1101\" class=\"elementor elementor-1101\" data-elementor-post-type=\"jet-engine\">\n\t\t\t\t<div class=\"elementor-element elementor-element-671b768 e-con-full e-flex e-con e-parent\" data-id=\"671b768\" data-element_type=\"container\" data-e-type=\"container\" data-settings=\"{&quot;background_background&quot;:&quot;classic&quot;,&quot;jet_parallax_layout_list&quot;:[]}\">\n\t\t\t\t<div class=\"elementor-element elementor-element-154634d elementor-widget elementor-widget-jet-listing-dynamic-image\" data-id=\"154634d\" data-element_type=\"widget\" data-e-type=\"widget\" data-widget_type=\"jet-listing-dynamic-image.default\">\n\t\t\t\t<div class=\"elementor-widget-container\">\n\t\t\t\t\t<div class=\"jet-listing jet-listing-dynamic-image\" ><img fetchpriority=\"high\" decoding=\"async\" width=\"1364\" height=\"1394\" src=\"https:\/\/ncacademy.ch\/wp-content\/uploads\/2025\/10\/Julie-.png\" class=\"jet-listing-dynamic-image__img attachment-full size-full wp-post-image\" alt=\"Julie\" srcset=\"https:\/\/ncacademy.ch\/wp-content\/uploads\/2025\/10\/Julie-.png 1364w, https:\/\/ncacademy.ch\/wp-content\/uploads\/2025\/10\/Julie--294x300.png 294w, https:\/\/ncacademy.ch\/wp-content\/uploads\/2025\/10\/Julie--1002x1024.png 1002w, https:\/\/ncacademy.ch\/wp-content\/uploads\/2025\/10\/Julie--768x785.png 768w\" sizes=\"(max-width: 1364px) 100vw, 1364px\" loading=\"eager\" \/><\/div>\t\t\t\t<\/div>\n\t\t\t\t<\/div>\n\t\t\t\t<div class=\"elementor-element elementor-element-c1c2261 elementor-widget elementor-widget-jet-listing-dynamic-field\" data-id=\"c1c2261\" data-element_type=\"widget\" data-e-type=\"widget\" data-widget_type=\"jet-listing-dynamic-field.default\">\n\t\t\t\t<div class=\"elementor-widget-container\">\n\t\t\t\t\t<div class=\"jet-listing jet-listing-dynamic-field display-inline\"><div class=\"jet-listing-dynamic-field__inline-wrap\"><div class=\"jet-listing-dynamic-field__content\" >Le t\u00e9moignage de Julie, candidate et laur\u00e9ate NCA au certificat de gestionnaire RH<\/div><\/div><\/div>\t\t\t\t<\/div>\n\t\t\t\t<\/div>\n\t\t\t\t<div class=\"elementor-element elementor-element-b2b00d3 elementor-widget elementor-widget-jet-listing-dynamic-field\" data-id=\"b2b00d3\" data-element_type=\"widget\" data-e-type=\"widget\" data-widget_type=\"jet-listing-dynamic-field.default\">\n\t\t\t\t<div class=\"elementor-widget-container\">\n\t\t\t\t\t<div class=\"jet-listing jet-listing-dynamic-field display-inline\"><div class=\"jet-listing-dynamic-field__inline-wrap\"><div class=\"jet-listing-dynamic-field__content\" >\u00ab\u00a0La formation de NCAcademy se distingue par la qualit\u00e9 de son accompagnement et le professionnalisme de ses \u00e9quipes. Les formateurs, engag\u00e9s et bienveillants, transmettent toutes<\/div><\/div><\/div>\t\t\t\t<\/div>\n\t\t\t\t<\/div>\n\t\t\t\t<div class=\"elementor-element elementor-element-b32558d elementor-widget elementor-widget-jet-listing-dynamic-link\" data-id=\"b32558d\" data-element_type=\"widget\" data-e-type=\"widget\" data-widget_type=\"jet-listing-dynamic-link.default\">\n\t\t\t\t<div class=\"elementor-widget-container\">\n\t\t\t\t\t<div class=\"jet-listing jet-listing-dynamic-link\"><a href=\"https:\/\/ncacademy.ch\/en\/julie\/\" class=\"jet-listing-dynamic-link__link\"><span class=\"jet-listing-dynamic-link__label\">Lire la suite<\/span><\/a><\/div>\t\t\t\t<\/div>\n\t\t\t\t<\/div>\n\t\t\t\t<\/div>\n\t\t\t\t<\/div>\n\t\t<a href=\"https:\/\/ncacademy.ch\/en\/julie\/\" class=\"jet-engine-listing-overlay-link\"><\/a><\/div><\/div><div class=\"jet-listing-grid__item jet-listing-dynamic-post-1495 jet-equal-columns\" data-post-id=\"1495\"  ><div class=\"jet-engine-listing-overlay-wrap\" data-url=\"https:\/\/ncacademy.ch\/en\/axelle-martin-maturite-suisse\/\">\t\t<div data-elementor-type=\"jet-listing-items\" data-elementor-id=\"1101\" class=\"elementor elementor-1101\" data-elementor-post-type=\"jet-engine\">\n\t\t\t\t<div class=\"elementor-element elementor-element-671b768 e-con-full e-flex e-con e-parent\" data-id=\"671b768\" data-element_type=\"container\" data-e-type=\"container\" data-settings=\"{&quot;background_background&quot;:&quot;classic&quot;,&quot;jet_parallax_layout_list&quot;:[]}\">\n\t\t\t\t<div class=\"elementor-element elementor-element-154634d elementor-widget elementor-widget-jet-listing-dynamic-image\" data-id=\"154634d\" data-element_type=\"widget\" data-e-type=\"widget\" data-widget_type=\"jet-listing-dynamic-image.default\">\n\t\t\t\t<div class=\"elementor-widget-container\">\n\t\t\t\t\t<div class=\"jet-listing jet-listing-dynamic-image\" ><img decoding=\"async\" width=\"1024\" height=\"1024\" src=\"https:\/\/ncacademy.ch\/wp-content\/uploads\/2025\/03\/Formateur-Placeholder.svg\" class=\"jet-listing-dynamic-image__img attachment-full size-full\" alt=\"Formateur-Placeholder\" loading=\"eager\" \/><\/div>\t\t\t\t<\/div>\n\t\t\t\t<\/div>\n\t\t\t\t<div class=\"elementor-element elementor-element-c1c2261 elementor-widget elementor-widget-jet-listing-dynamic-field\" data-id=\"c1c2261\" data-element_type=\"widget\" data-e-type=\"widget\" data-widget_type=\"jet-listing-dynamic-field.default\">\n\t\t\t\t<div class=\"elementor-widget-container\">\n\t\t\t\t\t<div class=\"jet-listing jet-listing-dynamic-field display-inline\"><div class=\"jet-listing-dynamic-field__inline-wrap\"><div class=\"jet-listing-dynamic-field__content\" >Axelle Martin - Maturit\u00e9 Suisse<\/div><\/div><\/div>\t\t\t\t<\/div>\n\t\t\t\t<\/div>\n\t\t\t\t<div class=\"elementor-element elementor-element-b2b00d3 elementor-widget elementor-widget-jet-listing-dynamic-field\" data-id=\"b2b00d3\" data-element_type=\"widget\" data-e-type=\"widget\" data-widget_type=\"jet-listing-dynamic-field.default\">\n\t\t\t\t<div class=\"elementor-widget-container\">\n\t\t\t\t\t<div class=\"jet-listing jet-listing-dynamic-field display-inline\"><div class=\"jet-listing-dynamic-field__inline-wrap\"><div class=\"jet-listing-dynamic-field__content\" >\ud83c\udf93 Maturit\u00e9 suisse \ud83c\udf93 Axelle Martin, jeune espoir du golf suisse, a choisi NCAcademy pour poursuivre ses \u00e9tudes \u00e0 distance et obtenir sa maturit\u00e9 suisse,<\/div><\/div><\/div>\t\t\t\t<\/div>\n\t\t\t\t<\/div>\n\t\t\t\t<div class=\"elementor-element elementor-element-b32558d elementor-widget elementor-widget-jet-listing-dynamic-link\" data-id=\"b32558d\" data-element_type=\"widget\" data-e-type=\"widget\" data-widget_type=\"jet-listing-dynamic-link.default\">\n\t\t\t\t<div class=\"elementor-widget-container\">\n\t\t\t\t\t<div class=\"jet-listing jet-listing-dynamic-link\"><a href=\"https:\/\/ncacademy.ch\/en\/axelle-martin-maturite-suisse\/\" class=\"jet-listing-dynamic-link__link\"><span class=\"jet-listing-dynamic-link__label\">Lire la suite<\/span><\/a><\/div>\t\t\t\t<\/div>\n\t\t\t\t<\/div>\n\t\t\t\t<\/div>\n\t\t\t\t<\/div>\n\t\t<a href=\"https:\/\/ncacademy.ch\/en\/axelle-martin-maturite-suisse\/\" class=\"jet-engine-listing-overlay-link\"><\/a><\/div><\/div><div class=\"jet-listing-grid__item jet-listing-dynamic-post-342 jet-equal-columns\" data-post-id=\"342\"  ><div class=\"jet-engine-listing-overlay-wrap\" data-url=\"https:\/\/ncacademy.ch\/en\/100-de-reussite-nos-eleves-brillent\/\">\t\t<div data-elementor-type=\"jet-listing-items\" data-elementor-id=\"1101\" class=\"elementor elementor-1101\" data-elementor-post-type=\"jet-engine\">\n\t\t\t\t<div class=\"elementor-element elementor-element-671b768 e-con-full e-flex e-con e-parent\" data-id=\"671b768\" data-element_type=\"container\" data-e-type=\"container\" data-settings=\"{&quot;background_background&quot;:&quot;classic&quot;,&quot;jet_parallax_layout_list&quot;:[]}\">\n\t\t\t\t<div class=\"elementor-element elementor-element-154634d elementor-widget elementor-widget-jet-listing-dynamic-image\" data-id=\"154634d\" data-element_type=\"widget\" data-e-type=\"widget\" data-widget_type=\"jet-listing-dynamic-image.default\">\n\t\t\t\t<div class=\"elementor-widget-container\">\n\t\t\t\t\t<div class=\"jet-listing jet-listing-dynamic-image\" ><img decoding=\"async\" width=\"2560\" height=\"1440\" src=\"https:\/\/ncacademy.ch\/wp-content\/uploads\/2025\/02\/maturite-avec-filtre.webp\" class=\"jet-listing-dynamic-image__img attachment-full size-full wp-post-image\" alt=\"maturite-avec-filtre\" srcset=\"https:\/\/ncacademy.ch\/wp-content\/uploads\/2025\/02\/maturite-avec-filtre.webp 2560w, https:\/\/ncacademy.ch\/wp-content\/uploads\/2025\/02\/maturite-avec-filtre-300x169.webp 300w, https:\/\/ncacademy.ch\/wp-content\/uploads\/2025\/02\/maturite-avec-filtre-1024x576.webp 1024w, https:\/\/ncacademy.ch\/wp-content\/uploads\/2025\/02\/maturite-avec-filtre-768x432.webp 768w, https:\/\/ncacademy.ch\/wp-content\/uploads\/2025\/02\/maturite-avec-filtre-1536x864.webp 1536w, https:\/\/ncacademy.ch\/wp-content\/uploads\/2025\/02\/maturite-avec-filtre-2048x1152.webp 2048w\" sizes=\"(max-width: 2560px) 100vw, 2560px\" loading=\"eager\" \/><\/div>\t\t\t\t<\/div>\n\t\t\t\t<\/div>\n\t\t\t\t<div class=\"elementor-element elementor-element-c1c2261 elementor-widget elementor-widget-jet-listing-dynamic-field\" data-id=\"c1c2261\" data-element_type=\"widget\" data-e-type=\"widget\" data-widget_type=\"jet-listing-dynamic-field.default\">\n\t\t\t\t<div class=\"elementor-widget-container\">\n\t\t\t\t\t<div class=\"jet-listing jet-listing-dynamic-field display-inline\"><div class=\"jet-listing-dynamic-field__inline-wrap\"><div class=\"jet-listing-dynamic-field__content\" >100% de r\u00e9ussite: nos \u00e9l\u00e8ves brillent!<\/div><\/div><\/div>\t\t\t\t<\/div>\n\t\t\t\t<\/div>\n\t\t\t\t<div class=\"elementor-element elementor-element-b2b00d3 elementor-widget elementor-widget-jet-listing-dynamic-field\" data-id=\"b2b00d3\" data-element_type=\"widget\" data-e-type=\"widget\" data-widget_type=\"jet-listing-dynamic-field.default\">\n\t\t\t\t<div class=\"elementor-widget-container\">\n\t\t\t\t\t<div class=\"jet-listing jet-listing-dynamic-field display-inline\"><div class=\"jet-listing-dynamic-field__inline-wrap\"><div class=\"jet-listing-dynamic-field__content\" >Je suis tomb\u00e9e sur NCAcademy par hasard car je cherchais \u00e0 faire une formation en ligne et celle ci a r\u00e9pondu \u00e0 toute mes attentes.<\/div><\/div><\/div>\t\t\t\t<\/div>\n\t\t\t\t<\/div>\n\t\t\t\t<div class=\"elementor-element elementor-element-b32558d elementor-widget elementor-widget-jet-listing-dynamic-link\" data-id=\"b32558d\" data-element_type=\"widget\" data-e-type=\"widget\" data-widget_type=\"jet-listing-dynamic-link.default\">\n\t\t\t\t<div class=\"elementor-widget-container\">\n\t\t\t\t\t<div class=\"jet-listing jet-listing-dynamic-link\"><a href=\"https:\/\/ncacademy.ch\/en\/100-de-reussite-nos-eleves-brillent\/\" class=\"jet-listing-dynamic-link__link\"><span class=\"jet-listing-dynamic-link__label\">Lire la suite<\/span><\/a><\/div>\t\t\t\t<\/div>\n\t\t\t\t<\/div>\n\t\t\t\t<\/div>\n\t\t\t\t<\/div>\n\t\t<a href=\"https:\/\/ncacademy.ch\/en\/100-de-reussite-nos-eleves-brillent\/\" class=\"jet-engine-listing-overlay-link\"><\/a><\/div><\/div><div class=\"jet-listing-grid__item jet-listing-dynamic-post-340 jet-equal-columns\" data-post-id=\"340\"  ><div class=\"jet-engine-listing-overlay-wrap\" data-url=\"https:\/\/ncacademy.ch\/en\/julien-sprunger-ambassadeur-de-ncacademypartage-son-experience-de-formation\/\">\t\t<div data-elementor-type=\"jet-listing-items\" data-elementor-id=\"1101\" class=\"elementor elementor-1101\" data-elementor-post-type=\"jet-engine\">\n\t\t\t\t<div class=\"elementor-element elementor-element-671b768 e-con-full e-flex e-con e-parent\" data-id=\"671b768\" data-element_type=\"container\" data-e-type=\"container\" data-settings=\"{&quot;background_background&quot;:&quot;classic&quot;,&quot;jet_parallax_layout_list&quot;:[]}\">\n\t\t\t\t<div class=\"elementor-element elementor-element-154634d elementor-widget elementor-widget-jet-listing-dynamic-image\" data-id=\"154634d\" data-element_type=\"widget\" data-e-type=\"widget\" data-widget_type=\"jet-listing-dynamic-image.default\">\n\t\t\t\t<div class=\"elementor-widget-container\">\n\t\t\t\t\t<div class=\"jet-listing jet-listing-dynamic-image\" ><img decoding=\"async\" width=\"2560\" height=\"1440\" src=\"https:\/\/ncacademy.ch\/wp-content\/uploads\/2025\/02\/ordonnanceur.webp\" class=\"jet-listing-dynamic-image__img attachment-full size-full wp-post-image\" alt=\"ordonnanceur\" srcset=\"https:\/\/ncacademy.ch\/wp-content\/uploads\/2025\/02\/ordonnanceur.webp 2560w, https:\/\/ncacademy.ch\/wp-content\/uploads\/2025\/02\/ordonnanceur-300x169.webp 300w, https:\/\/ncacademy.ch\/wp-content\/uploads\/2025\/02\/ordonnanceur-1024x576.webp 1024w, https:\/\/ncacademy.ch\/wp-content\/uploads\/2025\/02\/ordonnanceur-768x432.webp 768w, https:\/\/ncacademy.ch\/wp-content\/uploads\/2025\/02\/ordonnanceur-1536x864.webp 1536w, https:\/\/ncacademy.ch\/wp-content\/uploads\/2025\/02\/ordonnanceur-2048x1152.webp 2048w\" sizes=\"(max-width: 2560px) 100vw, 2560px\" loading=\"eager\" \/><\/div>\t\t\t\t<\/div>\n\t\t\t\t<\/div>\n\t\t\t\t<div class=\"elementor-element elementor-element-c1c2261 elementor-widget elementor-widget-jet-listing-dynamic-field\" data-id=\"c1c2261\" data-element_type=\"widget\" data-e-type=\"widget\" data-widget_type=\"jet-listing-dynamic-field.default\">\n\t\t\t\t<div class=\"elementor-widget-container\">\n\t\t\t\t\t<div class=\"jet-listing jet-listing-dynamic-field display-inline\"><div class=\"jet-listing-dynamic-field__inline-wrap\"><div class=\"jet-listing-dynamic-field__content\" >Julien Sprunger, ambassadeur de NCAcademy,partage son exp\u00e9rience de formation.<\/div><\/div><\/div>\t\t\t\t<\/div>\n\t\t\t\t<\/div>\n\t\t\t\t<div class=\"elementor-element elementor-element-b2b00d3 elementor-widget elementor-widget-jet-listing-dynamic-field\" data-id=\"b2b00d3\" data-element_type=\"widget\" data-e-type=\"widget\" data-widget_type=\"jet-listing-dynamic-field.default\">\n\t\t\t\t<div class=\"elementor-widget-container\">\n\t\t\t\t\t<div class=\"jet-listing jet-listing-dynamic-field display-inline\"><div class=\"jet-listing-dynamic-field__inline-wrap\"><div class=\"jet-listing-dynamic-field__content\" >Je suis tomb\u00e9e sur NCAcademy par hasard car je cherchais \u00e0 faire une formation en ligne et celle ci a r\u00e9pondu \u00e0 toute mes attentes.<\/div><\/div><\/div>\t\t\t\t<\/div>\n\t\t\t\t<\/div>\n\t\t\t\t<div class=\"elementor-element elementor-element-b32558d elementor-widget elementor-widget-jet-listing-dynamic-link\" data-id=\"b32558d\" data-element_type=\"widget\" data-e-type=\"widget\" data-widget_type=\"jet-listing-dynamic-link.default\">\n\t\t\t\t<div class=\"elementor-widget-container\">\n\t\t\t\t\t<div class=\"jet-listing jet-listing-dynamic-link\"><a href=\"https:\/\/ncacademy.ch\/en\/julien-sprunger-ambassadeur-de-ncacademypartage-son-experience-de-formation\/\" class=\"jet-listing-dynamic-link__link\"><span class=\"jet-listing-dynamic-link__label\">Lire la suite<\/span><\/a><\/div>\t\t\t\t<\/div>\n\t\t\t\t<\/div>\n\t\t\t\t<\/div>\n\t\t\t\t<\/div>\n\t\t<a href=\"https:\/\/ncacademy.ch\/en\/julien-sprunger-ambassadeur-de-ncacademypartage-son-experience-de-formation\/\" class=\"jet-engine-listing-overlay-link\"><\/a><\/div><\/div><\/div><\/div>\t\t\t\t<\/div>\n\t\t\t\t<\/div>\n\t\t\t\t\t<\/div>\n\t\t\t\t<\/div>\n\t\t\t\t<\/div>\n\t\t","protected":false},"excerpt":{"rendered":"<p>Actualit\u00e9 de notre centre de formation Suivez l\u2019actualit\u00e9 de notre centre de formation, tenez-vous au courant de la sortie d\u2019une nouvelle formation. 100% de r\u00e9ussite: nos \u00e9l\u00e8ves brillent! Je suis tomb\u00e9e sur NCAcademy par hasard car je cherchais \u00e0 faire une formation en ligne et celle ci a r\u00e9pondu \u00e0 toute mes attentes. Vous n\u2019\u00eates [&hellip;]<\/p>\n","protected":false},"author":1,"featured_media":0,"parent":0,"menu_order":0,"comment_status":"closed","ping_status":"closed","template":"","meta":{"footnotes":""},"class_list":["post-1106","page","type-page","status-publish","hentry"],"_links":{"self":[{"href":"https:\/\/ncacademy.ch\/en\/wp-json\/wp\/v2\/pages\/1106","targetHints":{"allow":["GET"]}}],"collection":[{"href":"https:\/\/ncacademy.ch\/en\/wp-json\/wp\/v2\/pages"}],"about":[{"href":"https:\/\/ncacademy.ch\/en\/wp-json\/wp\/v2\/types\/page"}],"author":[{"embeddable":true,"href":"https:\/\/ncacademy.ch\/en\/wp-json\/wp\/v2\/users\/1"}],"replies":[{"embeddable":true,"href":"https:\/\/ncacademy.ch\/en\/wp-json\/wp\/v2\/comments?post=1106"}],"version-history":[{"count":21,"href":"https:\/\/ncacademy.ch\/en\/wp-json\/wp\/v2\/pages\/1106\/revisions"}],"predecessor-version":[{"id":1689,"href":"https:\/\/ncacademy.ch\/en\/wp-json\/wp\/v2\/pages\/1106\/revisions\/1689"}],"wp:attachment":[{"href":"https:\/\/ncacademy.ch\/en\/wp-json\/wp\/v2\/media?parent=1106"}],"curies":[{"name":"wp","href":"https:\/\/api.w.org\/{rel}","templated":true}]}}